{"id":26,"date":"2025-08-05T11:53:44","date_gmt":"2025-08-05T09:53:44","guid":{"rendered":"https:\/\/izboristaging.omnihost.dev\/sr\/?page_id=26"},"modified":"2025-08-05T12:29:42","modified_gmt":"2025-08-05T10:29:42","slug":"prirucnik","status":"publish","type":"page","link":"https:\/\/izbori.media.ba\/sr\/prirucnik\/","title":{"rendered":"Priru\u010dnik"},"content":{"rendered":"","protected":false},"excerpt":{"rendered":"","protected":false},"author":1,"featured_media":0,"parent":0,"menu_order":0,"comment_status":"closed","ping_status":"closed","template":"flexible-prirucnik.php","meta":{"_acf_changed":false,"inline_featured_image":false,"footnotes":""},"class_list":["post-26","page","type-page","status-publish","hentry"],"acf":[],"yoast_head":"<!-- This site is optimized with the Yoast SEO plugin v27.2 - https:\/\/yoast.com\/product\/yoast-seo-wordpress\/ -->\n<title>Priru\u010dnik - Priru\u010dnik za izvje\u0161tavanje o izborima - SR<\/title>\n<meta name=\"robots\" content=\"index, follow, max-snippet:-1, max-image-preview:large, max-video-preview:-1\" \/>\n<link rel=\"canonical\" href=\"https:\/\/izbori.media.ba\/sr\/prirucnik\/\" \/>\n<meta property=\"og:locale\" content=\"bs_BA\" \/>\n<meta property=\"og:type\" content=\"article\" \/>\n<meta property=\"og:title\" content=\"Priru\u010dnik - Priru\u010dnik za izvje\u0161tavanje o izborima - SR\" \/>\n<meta property=\"og:url\" content=\"https:\/\/izbori.media.ba\/sr\/prirucnik\/\" \/>\n<meta property=\"og:site_name\" content=\"Priru\u010dnik za izvje\u0161tavanje o izborima - SR\" \/>\n<meta property=\"article:modified_time\" content=\"2025-08-05T10:29:42+00:00\" \/>\n<meta name=\"twitter:card\" content=\"summary_large_image\" \/>\n<script type=\"application\/ld+json\" class=\"yoast-schema-graph\">{\"@context\":\"https:\/\/schema.org\",\"@graph\":[{\"@type\":\"WebPage\",\"@id\":\"https:\/\/izbori.media.ba\/sr\/prirucnik\/\",\"url\":\"https:\/\/izbori.media.ba\/sr\/prirucnik\/\",\"name\":\"Priru\u010dnik - Priru\u010dnik za izvje\u0161tavanje o izborima - SR\",\"isPartOf\":{\"@id\":\"https:\/\/izbori.media.ba\/sr\/#website\"},\"datePublished\":\"2025-08-05T09:53:44+00:00\",\"dateModified\":\"2025-08-05T10:29:42+00:00\",\"breadcrumb\":{\"@id\":\"https:\/\/izbori.media.ba\/sr\/prirucnik\/#breadcrumb\"},\"inLanguage\":\"bs-BA\",\"potentialAction\":[{\"@type\":\"ReadAction\",\"target\":[\"https:\/\/izbori.media.ba\/sr\/prirucnik\/\"]}]},{\"@type\":\"BreadcrumbList\",\"@id\":\"https:\/\/izbori.media.ba\/sr\/prirucnik\/#breadcrumb\",\"itemListElement\":[{\"@type\":\"ListItem\",\"position\":1,\"name\":\"Home\",\"item\":\"https:\/\/izbori.media.ba\/sr\/\"},{\"@type\":\"ListItem\",\"position\":2,\"name\":\"Priru\u010dnik\"}]},{\"@type\":\"WebSite\",\"@id\":\"https:\/\/izbori.media.ba\/sr\/#website\",\"url\":\"https:\/\/izbori.media.ba\/sr\/\",\"name\":\"Priru\u010dnik za izvje\u0161tavanje o izborima - SR\",\"description\":\"SR\",\"potentialAction\":[{\"@type\":\"SearchAction\",\"target\":{\"@type\":\"EntryPoint\",\"urlTemplate\":\"https:\/\/izbori.media.ba\/sr\/?s={search_term_string}\"},\"query-input\":{\"@type\":\"PropertyValueSpecification\",\"valueRequired\":true,\"valueName\":\"search_term_string\"}}],\"inLanguage\":\"bs-BA\"}]}<\/script>\n<!-- \/ Yoast SEO plugin. -->","yoast_head_json":{"title":"Priru\u010dnik - Priru\u010dnik za izvje\u0161tavanje o izborima - SR","robots":{"index":"index","follow":"follow","max-snippet":"max-snippet:-1","max-image-preview":"max-image-preview:large","max-video-preview":"max-video-preview:-1"},"canonical":"https:\/\/izbori.media.ba\/sr\/prirucnik\/","og_locale":"bs_BA","og_type":"article","og_title":"Priru\u010dnik - Priru\u010dnik za izvje\u0161tavanje o izborima - SR","og_url":"https:\/\/izbori.media.ba\/sr\/prirucnik\/","og_site_name":"Priru\u010dnik za izvje\u0161tavanje o izborima - SR","article_modified_time":"2025-08-05T10:29:42+00:00","twitter_card":"summary_large_image","schema":{"@context":"https:\/\/schema.org","@graph":[{"@type":"WebPage","@id":"https:\/\/izbori.media.ba\/sr\/prirucnik\/","url":"https:\/\/izbori.media.ba\/sr\/prirucnik\/","name":"Priru\u010dnik - Priru\u010dnik za izvje\u0161tavanje o izborima - SR","isPartOf":{"@id":"https:\/\/izbori.media.ba\/sr\/#website"},"datePublished":"2025-08-05T09:53:44+00:00","dateModified":"2025-08-05T10:29:42+00:00","breadcrumb":{"@id":"https:\/\/izbori.media.ba\/sr\/prirucnik\/#breadcrumb"},"inLanguage":"bs-BA","potentialAction":[{"@type":"ReadAction","target":["https:\/\/izbori.media.ba\/sr\/prirucnik\/"]}]},{"@type":"BreadcrumbList","@id":"https:\/\/izbori.media.ba\/sr\/prirucnik\/#breadcrumb","itemListElement":[{"@type":"ListItem","position":1,"name":"Home","item":"https:\/\/izbori.media.ba\/sr\/"},{"@type":"ListItem","position":2,"name":"Priru\u010dnik"}]},{"@type":"WebSite","@id":"https:\/\/izbori.media.ba\/sr\/#website","url":"https:\/\/izbori.media.ba\/sr\/","name":"Priru\u010dnik za izvje\u0161tavanje o izborima - SR","description":"SR","potentialAction":[{"@type":"SearchAction","target":{"@type":"EntryPoint","urlTemplate":"https:\/\/izbori.media.ba\/sr\/?s={search_term_string}"},"query-input":{"@type":"PropertyValueSpecification","valueRequired":true,"valueName":"search_term_string"}}],"inLanguage":"bs-BA"}]}},"_links":{"self":[{"href":"https:\/\/izbori.media.ba\/sr\/wp-json\/wp\/v2\/pages\/26","targetHints":{"allow":["GET"]}}],"collection":[{"href":"https:\/\/izbori.media.ba\/sr\/wp-json\/wp\/v2\/pages"}],"about":[{"href":"https:\/\/izbori.media.ba\/sr\/wp-json\/wp\/v2\/types\/page"}],"author":[{"embeddable":true,"href":"https:\/\/izbori.media.ba\/sr\/wp-json\/wp\/v2\/users\/1"}],"replies":[{"embeddable":true,"href":"https:\/\/izbori.media.ba\/sr\/wp-json\/wp\/v2\/comments?post=26"}],"version-history":[{"count":2,"href":"https:\/\/izbori.media.ba\/sr\/wp-json\/wp\/v2\/pages\/26\/revisions"}],"predecessor-version":[{"id":73,"href":"https:\/\/izbori.media.ba\/sr\/wp-json\/wp\/v2\/pages\/26\/revisions\/73"}],"wp:attachment":[{"href":"https:\/\/izbori.media.ba\/sr\/wp-json\/wp\/v2\/media?parent=26"}],"curies":[{"name":"wp","href":"https:\/\/api.w.org\/{rel}","templated":true}]}}