{"id":170,"date":"2025-08-18T16:04:51","date_gmt":"2025-08-18T14:04:51","guid":{"rendered":"https:\/\/izboristaging.omnihost.dev\/sr\/?page_id=170"},"modified":"2025-08-18T16:30:19","modified_gmt":"2025-08-18T14:30:19","slug":"impressum","status":"publish","type":"page","link":"https:\/\/izbori.media.ba\/sr\/impressum\/","title":{"rendered":"Impressum"},"content":{"rendered":"\n<p><strong>Naslov:<\/strong><br><br>Priru\u010dnik za izve\u0161tavanje o izborima u Srbiji \u2013 Saveti i resursi<\/p>\n\n\n\n<p><strong>Izdava\u010d<\/strong>:<br><br>Mediacentar Sarajevo<\/p>\n\n\n\n<p><strong>Adresa:<\/strong> <br><br>Ko\u0161evo 26, 71000 Sarajevo, Bosna i Hercegovina<\/p>\n\n\n\n<p><strong>Za izdava\u010da:<\/strong><\/p>\n\n\n\n<p>Borislav Konti\u0107<\/p>\n\n\n\n<p><strong>Autor:<\/strong><\/p>\n\n\n\n<p>Nedim Sejdinovi\u0107<\/p>\n\n\n\n<p><strong>Stru\u010dna recenzija: <\/strong><\/p>\n\n\n\n<p>Tijana Blagojev<\/p>\n\n\n\n<p><strong>Urednica:<\/strong><\/p>\n\n\n\n<p>Aida Nadarevi\u0107<\/p>\n\n\n\n<p><strong>Lektura:<\/strong><\/p>\n\n\n\n<p>Selma Fukelj<\/p>\n\n\n\n<p><strong>Grafi\u010dki dizajn i DTP: <\/strong><\/p>\n\n\n\n<p>Sanja Vrzi\u0107<\/p>\n\n\n\n<p>Priru\u010dnik za izve\u0161tavanje o izborima u Srbiji \u2013 Saveti i resursi, nastali su kroz aktivnost Mediacentra Sarajevo uz podr\u0161ku Google-a, u sklopu projekta <strong>Ja\u010danje profesionalnog novinarstva tokom izbornih procesa na Zapadnom Balkanu.<\/strong><\/p>\n\n\n\n<p>Izneseni stavovi ne predstavljaju nu\u017eno stavove Google-a.<\/p>\n","protected":false},"excerpt":{"rendered":"<p>Naslov: Priru\u010dnik za izve\u0161tavanje o izborima u Srbiji \u2013 Saveti i resursi Izdava\u010d: Mediacentar Sarajevo Adresa: Ko\u0161evo 26, 71000 Sarajevo, Bosna i Hercegovina Za izdava\u010da: Borislav Konti\u0107 Autor: Nedim Sejdinovi\u0107 Stru\u010dna recenzija: Tijana Blagojev Urednica: Aida Nadarevi\u0107 Lektura: Selma Fukelj Grafi\u010dki dizajn i DTP: Sanja Vrzi\u0107 Priru\u010dnik za izve\u0161tavanje o izborima u Srbiji \u2013 Saveti [&hellip;]<\/p>\n","protected":false},"author":1,"featured_media":0,"parent":0,"menu_order":0,"comment_status":"closed","ping_status":"closed","template":"","meta":{"_acf_changed":false,"inline_featured_image":false,"footnotes":""},"class_list":["post-170","page","type-page","status-publish","hentry"],"acf":[],"yoast_head":"<!-- This site is optimized with the Yoast SEO plugin v27.2 - https:\/\/yoast.com\/product\/yoast-seo-wordpress\/ -->\n<title>Impressum - Priru\u010dnik za izvje\u0161tavanje o izborima - SR<\/title>\n<meta name=\"robots\" content=\"index, follow, max-snippet:-1, max-image-preview:large, max-video-preview:-1\" \/>\n<link rel=\"canonical\" href=\"https:\/\/izbori.media.ba\/sr\/impressum\/\" \/>\n<meta property=\"og:locale\" content=\"bs_BA\" \/>\n<meta property=\"og:type\" content=\"article\" \/>\n<meta property=\"og:title\" content=\"Impressum - Priru\u010dnik za izvje\u0161tavanje o izborima - SR\" \/>\n<meta property=\"og:description\" content=\"Naslov: Priru\u010dnik za izve\u0161tavanje o izborima u Srbiji \u2013 Saveti i resursi Izdava\u010d: Mediacentar Sarajevo Adresa: Ko\u0161evo 26, 71000 Sarajevo, Bosna i Hercegovina Za izdava\u010da: Borislav Konti\u0107 Autor: Nedim Sejdinovi\u0107 Stru\u010dna recenzija: Tijana Blagojev Urednica: Aida Nadarevi\u0107 Lektura: Selma Fukelj Grafi\u010dki dizajn i DTP: Sanja Vrzi\u0107 Priru\u010dnik za izve\u0161tavanje o izborima u Srbiji \u2013 Saveti [&hellip;]\" \/>\n<meta property=\"og:url\" content=\"https:\/\/izbori.media.ba\/sr\/impressum\/\" \/>\n<meta property=\"og:site_name\" content=\"Priru\u010dnik za izvje\u0161tavanje o izborima - SR\" \/>\n<meta property=\"article:modified_time\" content=\"2025-08-18T14:30:19+00:00\" \/>\n<meta name=\"twitter:card\" content=\"summary_large_image\" \/>\n<meta name=\"twitter:label1\" content=\"Est. reading time\" \/>\n\t<meta name=\"twitter:data1\" content=\"1 minuta\" \/>\n<script type=\"application\/ld+json\" class=\"yoast-schema-graph\">{\"@context\":\"https:\/\/schema.org\",\"@graph\":[{\"@type\":\"WebPage\",\"@id\":\"https:\/\/izbori.media.ba\/sr\/impressum\/\",\"url\":\"https:\/\/izbori.media.ba\/sr\/impressum\/\",\"name\":\"Impressum - Priru\u010dnik za izvje\u0161tavanje o izborima - SR\",\"isPartOf\":{\"@id\":\"https:\/\/izbori.media.ba\/sr\/#website\"},\"datePublished\":\"2025-08-18T14:04:51+00:00\",\"dateModified\":\"2025-08-18T14:30:19+00:00\",\"breadcrumb\":{\"@id\":\"https:\/\/izbori.media.ba\/sr\/impressum\/#breadcrumb\"},\"inLanguage\":\"bs-BA\",\"potentialAction\":[{\"@type\":\"ReadAction\",\"target\":[\"https:\/\/izbori.media.ba\/sr\/impressum\/\"]}]},{\"@type\":\"BreadcrumbList\",\"@id\":\"https:\/\/izbori.media.ba\/sr\/impressum\/#breadcrumb\",\"itemListElement\":[{\"@type\":\"ListItem\",\"position\":1,\"name\":\"Home\",\"item\":\"https:\/\/izbori.media.ba\/sr\/\"},{\"@type\":\"ListItem\",\"position\":2,\"name\":\"Impressum\"}]},{\"@type\":\"WebSite\",\"@id\":\"https:\/\/izbori.media.ba\/sr\/#website\",\"url\":\"https:\/\/izbori.media.ba\/sr\/\",\"name\":\"Priru\u010dnik za izvje\u0161tavanje o izborima - SR\",\"description\":\"SR\",\"potentialAction\":[{\"@type\":\"SearchAction\",\"target\":{\"@type\":\"EntryPoint\",\"urlTemplate\":\"https:\/\/izbori.media.ba\/sr\/?s={search_term_string}\"},\"query-input\":{\"@type\":\"PropertyValueSpecification\",\"valueRequired\":true,\"valueName\":\"search_term_string\"}}],\"inLanguage\":\"bs-BA\"}]}<\/script>\n<!-- \/ Yoast SEO plugin. -->","yoast_head_json":{"title":"Impressum - Priru\u010dnik za izvje\u0161tavanje o izborima - SR","robots":{"index":"index","follow":"follow","max-snippet":"max-snippet:-1","max-image-preview":"max-image-preview:large","max-video-preview":"max-video-preview:-1"},"canonical":"https:\/\/izbori.media.ba\/sr\/impressum\/","og_locale":"bs_BA","og_type":"article","og_title":"Impressum - Priru\u010dnik za izvje\u0161tavanje o izborima - SR","og_description":"Naslov: Priru\u010dnik za izve\u0161tavanje o izborima u Srbiji \u2013 Saveti i resursi Izdava\u010d: Mediacentar Sarajevo Adresa: Ko\u0161evo 26, 71000 Sarajevo, Bosna i Hercegovina Za izdava\u010da: Borislav Konti\u0107 Autor: Nedim Sejdinovi\u0107 Stru\u010dna recenzija: Tijana Blagojev Urednica: Aida Nadarevi\u0107 Lektura: Selma Fukelj Grafi\u010dki dizajn i DTP: Sanja Vrzi\u0107 Priru\u010dnik za izve\u0161tavanje o izborima u Srbiji \u2013 Saveti [&hellip;]","og_url":"https:\/\/izbori.media.ba\/sr\/impressum\/","og_site_name":"Priru\u010dnik za izvje\u0161tavanje o izborima - SR","article_modified_time":"2025-08-18T14:30:19+00:00","twitter_card":"summary_large_image","twitter_misc":{"Est. reading time":"1 minuta"},"schema":{"@context":"https:\/\/schema.org","@graph":[{"@type":"WebPage","@id":"https:\/\/izbori.media.ba\/sr\/impressum\/","url":"https:\/\/izbori.media.ba\/sr\/impressum\/","name":"Impressum - Priru\u010dnik za izvje\u0161tavanje o izborima - SR","isPartOf":{"@id":"https:\/\/izbori.media.ba\/sr\/#website"},"datePublished":"2025-08-18T14:04:51+00:00","dateModified":"2025-08-18T14:30:19+00:00","breadcrumb":{"@id":"https:\/\/izbori.media.ba\/sr\/impressum\/#breadcrumb"},"inLanguage":"bs-BA","potentialAction":[{"@type":"ReadAction","target":["https:\/\/izbori.media.ba\/sr\/impressum\/"]}]},{"@type":"BreadcrumbList","@id":"https:\/\/izbori.media.ba\/sr\/impressum\/#breadcrumb","itemListElement":[{"@type":"ListItem","position":1,"name":"Home","item":"https:\/\/izbori.media.ba\/sr\/"},{"@type":"ListItem","position":2,"name":"Impressum"}]},{"@type":"WebSite","@id":"https:\/\/izbori.media.ba\/sr\/#website","url":"https:\/\/izbori.media.ba\/sr\/","name":"Priru\u010dnik za izvje\u0161tavanje o izborima - SR","description":"SR","potentialAction":[{"@type":"SearchAction","target":{"@type":"EntryPoint","urlTemplate":"https:\/\/izbori.media.ba\/sr\/?s={search_term_string}"},"query-input":{"@type":"PropertyValueSpecification","valueRequired":true,"valueName":"search_term_string"}}],"inLanguage":"bs-BA"}]}},"_links":{"self":[{"href":"https:\/\/izbori.media.ba\/sr\/wp-json\/wp\/v2\/pages\/170","targetHints":{"allow":["GET"]}}],"collection":[{"href":"https:\/\/izbori.media.ba\/sr\/wp-json\/wp\/v2\/pages"}],"about":[{"href":"https:\/\/izbori.media.ba\/sr\/wp-json\/wp\/v2\/types\/page"}],"author":[{"embeddable":true,"href":"https:\/\/izbori.media.ba\/sr\/wp-json\/wp\/v2\/users\/1"}],"replies":[{"embeddable":true,"href":"https:\/\/izbori.media.ba\/sr\/wp-json\/wp\/v2\/comments?post=170"}],"version-history":[{"count":2,"href":"https:\/\/izbori.media.ba\/sr\/wp-json\/wp\/v2\/pages\/170\/revisions"}],"predecessor-version":[{"id":179,"href":"https:\/\/izbori.media.ba\/sr\/wp-json\/wp\/v2\/pages\/170\/revisions\/179"}],"wp:attachment":[{"href":"https:\/\/izbori.media.ba\/sr\/wp-json\/wp\/v2\/media?parent=170"}],"curies":[{"name":"wp","href":"https:\/\/api.w.org\/{rel}","templated":true}]}}