{"id":2,"date":"2025-08-05T10:49:28","date_gmt":"2025-08-05T08:49:28","guid":{"rendered":"https:\/\/izboristaging.omnihost.dev\/mk\/?page_id=2"},"modified":"2025-08-20T09:10:08","modified_gmt":"2025-08-20T07:10:08","slug":"probna-stranica","status":"publish","type":"page","link":"https:\/\/izbori.media.ba\/mk\/probna-stranica\/","title":{"rendered":"Probna stranica"},"content":{"rendered":"\n<p>Ovo je primjer. Razlikuje se od bloga, jer \u0107e ostati na jednom mjestu i pojaviti se u navigaciji sajta (u ve\u0107ini tema). Ve\u0107ina ljudi po\u010dinje sa osnovnim informacijama, koje ih predstavljaju potencijalnim posjetiteljima. Mogli biste re\u0107i ne\u0161to ovako:<\/p>\n\n\n\n<blockquote class=\"wp-block-quote is-layout-flow wp-block-quote-is-layout-flow\"><p>\u0106ao! Ja sam kurir na biciklu danju, a no\u0107u sam glumac. Ovo je moja web stranica. \u017divim u Los Angelesu, imam sjajnog psa zvanog Jack i volim \u0107evape.<\/p><\/blockquote>\n\n\n\n<p>&#8230;ili ne\u0161to ovako:<\/p>\n\n\n\n<blockquote class=\"wp-block-quote is-layout-flow wp-block-quote-is-layout-flow\"><p>Kompanija KSIZ Doohickey osnovana je 1971. i od tada pru\u017ea kvalitetne doohickeye svima. Locirana u Gothamu, KSIZ zapo\u0161ljava preko 2 000 ljudi i radi svakakve fenomenalne stvari za Gotham zajednicu.<\/p><\/blockquote>\n\n\n\n<p>Kao novi korisnik WordPressa, posjetite <a href=\"https:\/\/izbori.media.ba\/mk\/wp-admin\/\">va\u0161u kontrolnu plo\u010du<\/a> da obri\u0161ete ovu stranicu i kreirate nove stranice sa va\u0161im sadr\u017eajem. \u017delimo vam puno zabave!<\/p>\n","protected":false},"excerpt":{"rendered":"<p>Ovo je primjer. Razlikuje se od bloga, jer \u0107e ostati na jednom mjestu i pojaviti se u navigaciji sajta (u ve\u0107ini tema). Ve\u0107ina ljudi po\u010dinje sa osnovnim informacijama, koje ih predstavljaju potencijalnim posjetiteljima. Mogli biste re\u0107i ne\u0161to ovako: \u0106ao! Ja sam kurir na biciklu danju, a no\u0107u sam glumac. Ovo je moja web stranica. \u017divim [&hellip;]<\/p>\n","protected":false},"author":3,"featured_media":0,"parent":0,"menu_order":0,"comment_status":"closed","ping_status":"open","template":"flexible-content.php","meta":{"_acf_changed":false,"inline_featured_image":false,"footnotes":""},"class_list":["post-2","page","type-page","status-publish","hentry"],"acf":[],"yoast_head":"<!-- This site is optimized with the Yoast SEO plugin v27.2 - https:\/\/yoast.com\/product\/yoast-seo-wordpress\/ -->\n<title>Probna stranica - \u041f\u0440\u0438\u0440\u0430\u0447\u043d\u0438\u043a \u0437\u0430 \u0438\u0437\u0432\u0435\u0441\u0442\u0443\u0432\u0430\u045a\u0435 \u0437\u0430 \u0438\u0437\u0431\u043e\u0440\u0438\u0442\u0435 - MK<\/title>\n<meta name=\"robots\" content=\"index, follow, max-snippet:-1, max-image-preview:large, max-video-preview:-1\" \/>\n<link rel=\"canonical\" href=\"https:\/\/izbori.media.ba\/mk\/probna-stranica\/\" \/>\n<meta property=\"og:locale\" content=\"bs_BA\" \/>\n<meta property=\"og:type\" content=\"article\" \/>\n<meta property=\"og:title\" content=\"Probna stranica - \u041f\u0440\u0438\u0440\u0430\u0447\u043d\u0438\u043a \u0437\u0430 \u0438\u0437\u0432\u0435\u0441\u0442\u0443\u0432\u0430\u045a\u0435 \u0437\u0430 \u0438\u0437\u0431\u043e\u0440\u0438\u0442\u0435 - MK\" \/>\n<meta property=\"og:description\" content=\"Ovo je primjer. Razlikuje se od bloga, jer \u0107e ostati na jednom mjestu i pojaviti se u navigaciji sajta (u ve\u0107ini tema). Ve\u0107ina ljudi po\u010dinje sa osnovnim informacijama, koje ih predstavljaju potencijalnim posjetiteljima. Mogli biste re\u0107i ne\u0161to ovako: \u0106ao! Ja sam kurir na biciklu danju, a no\u0107u sam glumac. Ovo je moja web stranica. \u017divim [&hellip;]\" \/>\n<meta property=\"og:url\" content=\"https:\/\/izbori.media.ba\/mk\/probna-stranica\/\" \/>\n<meta property=\"og:site_name\" content=\"\u041f\u0440\u0438\u0440\u0430\u0447\u043d\u0438\u043a \u0437\u0430 \u0438\u0437\u0432\u0435\u0441\u0442\u0443\u0432\u0430\u045a\u0435 \u0437\u0430 \u0438\u0437\u0431\u043e\u0440\u0438\u0442\u0435 - MK\" \/>\n<meta property=\"article:modified_time\" content=\"2025-08-20T07:10:08+00:00\" \/>\n<meta name=\"twitter:card\" content=\"summary_large_image\" \/>\n<meta name=\"twitter:label1\" content=\"Est. reading time\" \/>\n\t<meta name=\"twitter:data1\" content=\"1 minuta\" \/>\n<script type=\"application\/ld+json\" class=\"yoast-schema-graph\">{\"@context\":\"https:\/\/schema.org\",\"@graph\":[{\"@type\":\"WebPage\",\"@id\":\"https:\/\/izbori.media.ba\/mk\/probna-stranica\/\",\"url\":\"https:\/\/izbori.media.ba\/mk\/probna-stranica\/\",\"name\":\"Probna stranica - \u041f\u0440\u0438\u0440\u0430\u0447\u043d\u0438\u043a \u0437\u0430 \u0438\u0437\u0432\u0435\u0441\u0442\u0443\u0432\u0430\u045a\u0435 \u0437\u0430 \u0438\u0437\u0431\u043e\u0440\u0438\u0442\u0435 - MK\",\"isPartOf\":{\"@id\":\"https:\/\/izbori.media.ba\/mk\/#website\"},\"datePublished\":\"2025-08-05T08:49:28+00:00\",\"dateModified\":\"2025-08-20T07:10:08+00:00\",\"breadcrumb\":{\"@id\":\"https:\/\/izbori.media.ba\/mk\/probna-stranica\/#breadcrumb\"},\"inLanguage\":\"bs-BA\",\"potentialAction\":[{\"@type\":\"ReadAction\",\"target\":[\"https:\/\/izbori.media.ba\/mk\/probna-stranica\/\"]}]},{\"@type\":\"BreadcrumbList\",\"@id\":\"https:\/\/izbori.media.ba\/mk\/probna-stranica\/#breadcrumb\",\"itemListElement\":[{\"@type\":\"ListItem\",\"position\":1,\"name\":\"Home\",\"item\":\"https:\/\/izbori.media.ba\/mk\/\"},{\"@type\":\"ListItem\",\"position\":2,\"name\":\"Probna stranica\"}]},{\"@type\":\"WebSite\",\"@id\":\"https:\/\/izbori.media.ba\/mk\/#website\",\"url\":\"https:\/\/izbori.media.ba\/mk\/\",\"name\":\"\u041f\u0440\u0438\u0440\u0430\u0447\u043d\u0438\u043a \u0437\u0430 \u0438\u0437\u0432\u0435\u0441\u0442\u0443\u0432\u0430\u045a\u0435 \u0437\u0430 \u0438\u0437\u0431\u043e\u0440\u0438\u0442\u0435 - MK\",\"description\":\"MK\",\"potentialAction\":[{\"@type\":\"SearchAction\",\"target\":{\"@type\":\"EntryPoint\",\"urlTemplate\":\"https:\/\/izbori.media.ba\/mk\/?s={search_term_string}\"},\"query-input\":{\"@type\":\"PropertyValueSpecification\",\"valueRequired\":true,\"valueName\":\"search_term_string\"}}],\"inLanguage\":\"bs-BA\"}]}<\/script>\n<!-- \/ Yoast SEO plugin. -->","yoast_head_json":{"title":"Probna stranica - \u041f\u0440\u0438\u0440\u0430\u0447\u043d\u0438\u043a \u0437\u0430 \u0438\u0437\u0432\u0435\u0441\u0442\u0443\u0432\u0430\u045a\u0435 \u0437\u0430 \u0438\u0437\u0431\u043e\u0440\u0438\u0442\u0435 - MK","robots":{"index":"index","follow":"follow","max-snippet":"max-snippet:-1","max-image-preview":"max-image-preview:large","max-video-preview":"max-video-preview:-1"},"canonical":"https:\/\/izbori.media.ba\/mk\/probna-stranica\/","og_locale":"bs_BA","og_type":"article","og_title":"Probna stranica - \u041f\u0440\u0438\u0440\u0430\u0447\u043d\u0438\u043a \u0437\u0430 \u0438\u0437\u0432\u0435\u0441\u0442\u0443\u0432\u0430\u045a\u0435 \u0437\u0430 \u0438\u0437\u0431\u043e\u0440\u0438\u0442\u0435 - MK","og_description":"Ovo je primjer. Razlikuje se od bloga, jer \u0107e ostati na jednom mjestu i pojaviti se u navigaciji sajta (u ve\u0107ini tema). Ve\u0107ina ljudi po\u010dinje sa osnovnim informacijama, koje ih predstavljaju potencijalnim posjetiteljima. Mogli biste re\u0107i ne\u0161to ovako: \u0106ao! Ja sam kurir na biciklu danju, a no\u0107u sam glumac. Ovo je moja web stranica. \u017divim [&hellip;]","og_url":"https:\/\/izbori.media.ba\/mk\/probna-stranica\/","og_site_name":"\u041f\u0440\u0438\u0440\u0430\u0447\u043d\u0438\u043a \u0437\u0430 \u0438\u0437\u0432\u0435\u0441\u0442\u0443\u0432\u0430\u045a\u0435 \u0437\u0430 \u0438\u0437\u0431\u043e\u0440\u0438\u0442\u0435 - MK","article_modified_time":"2025-08-20T07:10:08+00:00","twitter_card":"summary_large_image","twitter_misc":{"Est. reading time":"1 minuta"},"schema":{"@context":"https:\/\/schema.org","@graph":[{"@type":"WebPage","@id":"https:\/\/izbori.media.ba\/mk\/probna-stranica\/","url":"https:\/\/izbori.media.ba\/mk\/probna-stranica\/","name":"Probna stranica - \u041f\u0440\u0438\u0440\u0430\u0447\u043d\u0438\u043a \u0437\u0430 \u0438\u0437\u0432\u0435\u0441\u0442\u0443\u0432\u0430\u045a\u0435 \u0437\u0430 \u0438\u0437\u0431\u043e\u0440\u0438\u0442\u0435 - MK","isPartOf":{"@id":"https:\/\/izbori.media.ba\/mk\/#website"},"datePublished":"2025-08-05T08:49:28+00:00","dateModified":"2025-08-20T07:10:08+00:00","breadcrumb":{"@id":"https:\/\/izbori.media.ba\/mk\/probna-stranica\/#breadcrumb"},"inLanguage":"bs-BA","potentialAction":[{"@type":"ReadAction","target":["https:\/\/izbori.media.ba\/mk\/probna-stranica\/"]}]},{"@type":"BreadcrumbList","@id":"https:\/\/izbori.media.ba\/mk\/probna-stranica\/#breadcrumb","itemListElement":[{"@type":"ListItem","position":1,"name":"Home","item":"https:\/\/izbori.media.ba\/mk\/"},{"@type":"ListItem","position":2,"name":"Probna stranica"}]},{"@type":"WebSite","@id":"https:\/\/izbori.media.ba\/mk\/#website","url":"https:\/\/izbori.media.ba\/mk\/","name":"\u041f\u0440\u0438\u0440\u0430\u0447\u043d\u0438\u043a \u0437\u0430 \u0438\u0437\u0432\u0435\u0441\u0442\u0443\u0432\u0430\u045a\u0435 \u0437\u0430 \u0438\u0437\u0431\u043e\u0440\u0438\u0442\u0435 - MK","description":"MK","potentialAction":[{"@type":"SearchAction","target":{"@type":"EntryPoint","urlTemplate":"https:\/\/izbori.media.ba\/mk\/?s={search_term_string}"},"query-input":{"@type":"PropertyValueSpecification","valueRequired":true,"valueName":"search_term_string"}}],"inLanguage":"bs-BA"}]}},"_links":{"self":[{"href":"https:\/\/izbori.media.ba\/mk\/wp-json\/wp\/v2\/pages\/2","targetHints":{"allow":["GET"]}}],"collection":[{"href":"https:\/\/izbori.media.ba\/mk\/wp-json\/wp\/v2\/pages"}],"about":[{"href":"https:\/\/izbori.media.ba\/mk\/wp-json\/wp\/v2\/types\/page"}],"author":[{"embeddable":true,"href":"https:\/\/izbori.media.ba\/mk\/wp-json\/wp\/v2\/users\/3"}],"replies":[{"embeddable":true,"href":"https:\/\/izbori.media.ba\/mk\/wp-json\/wp\/v2\/comments?post=2"}],"version-history":[{"count":1,"href":"https:\/\/izbori.media.ba\/mk\/wp-json\/wp\/v2\/pages\/2\/revisions"}],"predecessor-version":[{"id":150,"href":"https:\/\/izbori.media.ba\/mk\/wp-json\/wp\/v2\/pages\/2\/revisions\/150"}],"wp:attachment":[{"href":"https:\/\/izbori.media.ba\/mk\/wp-json\/wp\/v2\/media?parent=2"}],"curies":[{"name":"wp","href":"https:\/\/api.w.org\/{rel}","templated":true}]}}