{"id":102,"date":"2025-08-20T12:04:48","date_gmt":"2025-08-20T10:04:48","guid":{"rendered":"https:\/\/izboristaging.omnihost.dev\/al\/?page_id=102"},"modified":"2025-09-05T09:33:03","modified_gmt":"2025-09-05T07:33:03","slug":"impressum","status":"publish","type":"page","link":"https:\/\/izbori.media.ba\/al\/impressum\/","title":{"rendered":"Impressum"},"content":{"rendered":"\n<p><strong>Titulli: <\/strong><br>Udh\u00ebzues p\u00ebr raportimin e zgjedhjeve n\u00eb Shqip\u00ebri &#8211; K\u00ebshilla dhe burime<\/p>\n\n\n\n<p><strong>Botuesi:<\/strong><br>Mediacentar Sarajevo<\/p>\n\n\n\n<p><strong>Adresa: <\/strong><br>Ko\u0161evo 26, 71000 Sarajevo, Bosnia and Herzegovina<\/p>\n\n\n\n<p><strong>P\u00ebr botuesin: <\/strong><br>Borislav Konti\u0107<\/p>\n\n\n\n<p><strong>Autori: <\/strong><br>Roden Hoxha<\/p>\n\n\n\n<p><strong>Rishikim nga koleg\u00ebt: <\/strong><br>Emirjon Senja<\/p>\n\n\n\n<p><strong>Redaktor: <\/strong><br>Aida Nadarevi\u0107<\/p>\n\n\n\n<p><strong>Rishikim<\/strong>:<br>Elona Qose<br><br><strong>P\u00ebrkthim nga anglishtja n\u00eb shqip<\/strong>:<br>Laura Doko<br><br><strong>Dizajn grafik dhe p\u00ebrgatitje p\u00ebr shtyp: <\/strong><br>Sanja Vrzi\u0107<\/p>\n","protected":false},"excerpt":{"rendered":"<p>Titulli: Udh\u00ebzues p\u00ebr raportimin e zgjedhjeve n\u00eb Shqip\u00ebri &#8211; K\u00ebshilla dhe burime Botuesi:Mediacentar Sarajevo Adresa: Ko\u0161evo 26, 71000 Sarajevo, Bosnia and Herzegovina P\u00ebr botuesin: Borislav Konti\u0107 Autori: Roden Hoxha Rishikim nga koleg\u00ebt: Emirjon Senja Redaktor: Aida Nadarevi\u0107 Rishikim:Elona Qose P\u00ebrkthim nga anglishtja n\u00eb shqip:Laura Doko Dizajn grafik dhe p\u00ebrgatitje p\u00ebr shtyp: Sanja Vrzi\u0107<\/p>\n","protected":false},"author":1,"featured_media":0,"parent":0,"menu_order":0,"comment_status":"closed","ping_status":"closed","template":"","meta":{"_acf_changed":false,"inline_featured_image":false,"footnotes":""},"class_list":["post-102","page","type-page","status-publish","hentry"],"acf":[],"yoast_head":"<!-- This site is optimized with the Yoast SEO plugin v27.2 - https:\/\/yoast.com\/product\/yoast-seo-wordpress\/ -->\n<title>Impressum - Udh\u00ebzues p\u00ebr raportimin e zgjedhjeve - AL<\/title>\n<meta name=\"robots\" content=\"index, follow, max-snippet:-1, max-image-preview:large, max-video-preview:-1\" \/>\n<link rel=\"canonical\" href=\"https:\/\/izbori.media.ba\/al\/impressum\/\" \/>\n<meta property=\"og:locale\" content=\"bs_BA\" \/>\n<meta property=\"og:type\" content=\"article\" \/>\n<meta property=\"og:title\" content=\"Impressum - Udh\u00ebzues p\u00ebr raportimin e zgjedhjeve - AL\" \/>\n<meta property=\"og:description\" content=\"Titulli: Udh\u00ebzues p\u00ebr raportimin e zgjedhjeve n\u00eb Shqip\u00ebri &#8211; K\u00ebshilla dhe burime Botuesi:Mediacentar Sarajevo Adresa: Ko\u0161evo 26, 71000 Sarajevo, Bosnia and Herzegovina P\u00ebr botuesin: Borislav Konti\u0107 Autori: Roden Hoxha Rishikim nga koleg\u00ebt: Emirjon Senja Redaktor: Aida Nadarevi\u0107 Rishikim:Elona Qose P\u00ebrkthim nga anglishtja n\u00eb shqip:Laura Doko Dizajn grafik dhe p\u00ebrgatitje p\u00ebr shtyp: Sanja Vrzi\u0107\" \/>\n<meta property=\"og:url\" content=\"https:\/\/izbori.media.ba\/al\/impressum\/\" \/>\n<meta property=\"og:site_name\" content=\"Udh\u00ebzues p\u00ebr raportimin e zgjedhjeve - AL\" \/>\n<meta property=\"article:modified_time\" content=\"2025-09-05T07:33:03+00:00\" \/>\n<meta name=\"twitter:card\" content=\"summary_large_image\" \/>\n<meta name=\"twitter:label1\" content=\"Est. reading time\" \/>\n\t<meta name=\"twitter:data1\" content=\"1 minuta\" \/>\n<script type=\"application\/ld+json\" class=\"yoast-schema-graph\">{\"@context\":\"https:\/\/schema.org\",\"@graph\":[{\"@type\":\"WebPage\",\"@id\":\"https:\/\/izbori.media.ba\/al\/impressum\/\",\"url\":\"https:\/\/izbori.media.ba\/al\/impressum\/\",\"name\":\"Impressum - Udh\u00ebzues p\u00ebr raportimin e zgjedhjeve - AL\",\"isPartOf\":{\"@id\":\"https:\/\/izbori.media.ba\/al\/#website\"},\"datePublished\":\"2025-08-20T10:04:48+00:00\",\"dateModified\":\"2025-09-05T07:33:03+00:00\",\"breadcrumb\":{\"@id\":\"https:\/\/izbori.media.ba\/al\/impressum\/#breadcrumb\"},\"inLanguage\":\"bs-BA\",\"potentialAction\":[{\"@type\":\"ReadAction\",\"target\":[\"https:\/\/izbori.media.ba\/al\/impressum\/\"]}]},{\"@type\":\"BreadcrumbList\",\"@id\":\"https:\/\/izbori.media.ba\/al\/impressum\/#breadcrumb\",\"itemListElement\":[{\"@type\":\"ListItem\",\"position\":1,\"name\":\"Home\",\"item\":\"https:\/\/izbori.media.ba\/al\/\"},{\"@type\":\"ListItem\",\"position\":2,\"name\":\"Impressum\"}]},{\"@type\":\"WebSite\",\"@id\":\"https:\/\/izbori.media.ba\/al\/#website\",\"url\":\"https:\/\/izbori.media.ba\/al\/\",\"name\":\"Udh\u00ebzues p\u00ebr raportimin e zgjedhjeve - AL\",\"description\":\"AL\",\"potentialAction\":[{\"@type\":\"SearchAction\",\"target\":{\"@type\":\"EntryPoint\",\"urlTemplate\":\"https:\/\/izbori.media.ba\/al\/?s={search_term_string}\"},\"query-input\":{\"@type\":\"PropertyValueSpecification\",\"valueRequired\":true,\"valueName\":\"search_term_string\"}}],\"inLanguage\":\"bs-BA\"}]}<\/script>\n<!-- \/ Yoast SEO plugin. -->","yoast_head_json":{"title":"Impressum - Udh\u00ebzues p\u00ebr raportimin e zgjedhjeve - AL","robots":{"index":"index","follow":"follow","max-snippet":"max-snippet:-1","max-image-preview":"max-image-preview:large","max-video-preview":"max-video-preview:-1"},"canonical":"https:\/\/izbori.media.ba\/al\/impressum\/","og_locale":"bs_BA","og_type":"article","og_title":"Impressum - Udh\u00ebzues p\u00ebr raportimin e zgjedhjeve - AL","og_description":"Titulli: Udh\u00ebzues p\u00ebr raportimin e zgjedhjeve n\u00eb Shqip\u00ebri &#8211; K\u00ebshilla dhe burime Botuesi:Mediacentar Sarajevo Adresa: Ko\u0161evo 26, 71000 Sarajevo, Bosnia and Herzegovina P\u00ebr botuesin: Borislav Konti\u0107 Autori: Roden Hoxha Rishikim nga koleg\u00ebt: Emirjon Senja Redaktor: Aida Nadarevi\u0107 Rishikim:Elona Qose P\u00ebrkthim nga anglishtja n\u00eb shqip:Laura Doko Dizajn grafik dhe p\u00ebrgatitje p\u00ebr shtyp: Sanja Vrzi\u0107","og_url":"https:\/\/izbori.media.ba\/al\/impressum\/","og_site_name":"Udh\u00ebzues p\u00ebr raportimin e zgjedhjeve - AL","article_modified_time":"2025-09-05T07:33:03+00:00","twitter_card":"summary_large_image","twitter_misc":{"Est. reading time":"1 minuta"},"schema":{"@context":"https:\/\/schema.org","@graph":[{"@type":"WebPage","@id":"https:\/\/izbori.media.ba\/al\/impressum\/","url":"https:\/\/izbori.media.ba\/al\/impressum\/","name":"Impressum - Udh\u00ebzues p\u00ebr raportimin e zgjedhjeve - AL","isPartOf":{"@id":"https:\/\/izbori.media.ba\/al\/#website"},"datePublished":"2025-08-20T10:04:48+00:00","dateModified":"2025-09-05T07:33:03+00:00","breadcrumb":{"@id":"https:\/\/izbori.media.ba\/al\/impressum\/#breadcrumb"},"inLanguage":"bs-BA","potentialAction":[{"@type":"ReadAction","target":["https:\/\/izbori.media.ba\/al\/impressum\/"]}]},{"@type":"BreadcrumbList","@id":"https:\/\/izbori.media.ba\/al\/impressum\/#breadcrumb","itemListElement":[{"@type":"ListItem","position":1,"name":"Home","item":"https:\/\/izbori.media.ba\/al\/"},{"@type":"ListItem","position":2,"name":"Impressum"}]},{"@type":"WebSite","@id":"https:\/\/izbori.media.ba\/al\/#website","url":"https:\/\/izbori.media.ba\/al\/","name":"Udh\u00ebzues p\u00ebr raportimin e zgjedhjeve - AL","description":"AL","potentialAction":[{"@type":"SearchAction","target":{"@type":"EntryPoint","urlTemplate":"https:\/\/izbori.media.ba\/al\/?s={search_term_string}"},"query-input":{"@type":"PropertyValueSpecification","valueRequired":true,"valueName":"search_term_string"}}],"inLanguage":"bs-BA"}]}},"_links":{"self":[{"href":"https:\/\/izbori.media.ba\/al\/wp-json\/wp\/v2\/pages\/102","targetHints":{"allow":["GET"]}}],"collection":[{"href":"https:\/\/izbori.media.ba\/al\/wp-json\/wp\/v2\/pages"}],"about":[{"href":"https:\/\/izbori.media.ba\/al\/wp-json\/wp\/v2\/types\/page"}],"author":[{"embeddable":true,"href":"https:\/\/izbori.media.ba\/al\/wp-json\/wp\/v2\/users\/1"}],"replies":[{"embeddable":true,"href":"https:\/\/izbori.media.ba\/al\/wp-json\/wp\/v2\/comments?post=102"}],"version-history":[{"count":3,"href":"https:\/\/izbori.media.ba\/al\/wp-json\/wp\/v2\/pages\/102\/revisions"}],"predecessor-version":[{"id":235,"href":"https:\/\/izbori.media.ba\/al\/wp-json\/wp\/v2\/pages\/102\/revisions\/235"}],"wp:attachment":[{"href":"https:\/\/izbori.media.ba\/al\/wp-json\/wp\/v2\/media?parent=102"}],"curies":[{"name":"wp","href":"https:\/\/api.w.org\/{rel}","templated":true}]}}